{"id":3625,"date":"2023-03-18T22:01:18","date_gmt":"2023-03-18T22:01:18","guid":{"rendered":"https:\/\/lorenacb.es\/?page_id=3625"},"modified":"2023-04-13T18:43:20","modified_gmt":"2023-04-13T18:43:20","slug":"politica-de-privacidad","status":"publish","type":"page","link":"https:\/\/lorenacb.es\/en\/politica-de-privacidad\/","title":{"rendered":"Pol\u00edtica de privacidad"},"content":{"rendered":"<div data-elementor-type=\"wp-page\" data-elementor-id=\"3625\" class=\"elementor elementor-3625\">\n\t\t\t\t\t\t<section class=\"elementor-section elementor-top-section elementor-element elementor-element-ae4302e elementor-section-boxed elementor-section-height-default elementor-section-height-default\" data-id=\"ae4302e\" data-element_type=\"section\">\n\t\t\t\t\t\t<div class=\"elementor-container elementor-column-gap-default\">\n\t\t\t\t\t<div class=\"elementor-column elementor-col-100 elementor-top-column elementor-element elementor-element-d7d0ba1\" data-id=\"d7d0ba1\" data-element_type=\"column\">\n\t\t\t<div class=\"elementor-widget-wrap elementor-element-populated\">\n\t\t\t\t\t\t<div class=\"elementor-element elementor-element-6da9a4c elementor-widget elementor-widget-heading\" data-id=\"6da9a4c\" data-element_type=\"widget\" data-widget_type=\"heading.default\">\n\t\t\t\t<div class=\"elementor-widget-container\">\n\t\t\t\t\t<h2 class=\"elementor-heading-title elementor-size-default\">Politica de privacidad<\/h2>\t\t\t\t<\/div>\n\t\t\t\t<\/div>\n\t\t\t\t<div class=\"elementor-element elementor-element-7f9762a elementor-widget elementor-widget-text-editor\" data-id=\"7f9762a\" data-element_type=\"widget\" data-widget_type=\"text-editor.default\">\n\t\t\t\t<div class=\"elementor-widget-container\">\n\t\t\t\t\t\t\t\t\t<p><span style=\"color: var( --e-global-color-text ); font-family: var( --e-global-typography-text-font-family ), Sans-serif; font-size: var( --e-global-typography-text-font-size ); font-weight: var( --e-global-typography-text-font-weight ); background-color: var(--nv-site-bg); letter-spacing: var(--bodyletterspacing); text-transform: var(--bodytexttransform);\">En cumplimiento con la legislaci\u00f3n vigente en materia de protecci\u00f3n de datos personales, Lorena Casta\u00f1o Baena informa a los usuarios de que cualquier informaci\u00f3n personal que proporcione a trav\u00e9s de nuestro sitio web o cualquier otro medio ser\u00e1 tratada con confidencialidad y cumplir\u00e1 con las medidas de seguridad necesarias para proteger su privacidad.<\/span><\/p><ol><li><strong>Informaci\u00f3n que recopilamos<\/strong><\/li><\/ol><p>Recopilamos informaci\u00f3n personal como su nombre, n\u00famero de tel\u00e9fono y correo electr\u00f3nico, solo cuando usted la proporciona voluntariamente a trav\u00e9s del formulario de contacto de nuestro sitio web o por cualquier otro medio.<\/p><ol start=\"2\"><li><strong>Uso de la informaci\u00f3n<\/strong><\/li><\/ol><p>La informaci\u00f3n personal que usted proporciona ser\u00e1 utilizada exclusivamente para ponernos en contacto con usted y responder a sus consultas, sin enviarle ning\u00fan tipo de publicidad o informaci\u00f3n no solicitada.<\/p><ol start=\"3\"><li><strong>Seguridad<\/strong><\/li><\/ol><p>Tomamos medidas de seguridad razonables para proteger su informaci\u00f3n personal contra el acceso no autorizado, la alteraci\u00f3n, la divulgaci\u00f3n o la destrucci\u00f3n.<\/p><ol start=\"4\"><li><strong>Sus derechos<\/strong><\/li><\/ol><p>Tiene derecho a acceder, rectificar y suprimir su informaci\u00f3n personal en cualquier momento. Tambi\u00e9n puede oponerse al procesamiento de su informaci\u00f3n personal o solicitar la limitaci\u00f3n de su procesamiento. Si desea ejercer alguno de estos derechos, puede ponerse en contacto con nosotros a trav\u00e9s de la direcci\u00f3n de correo electr\u00f3nico que se indica a continuaci\u00f3n.<\/p><ol start=\"5\"><li><strong>Cambios en la pol\u00edtica de privacidad<\/strong><\/li><\/ol><p>Podemos actualizar esta pol\u00edtica de privacidad en cualquier momento. Cualquier cambio entrar\u00e1 en vigencia inmediatamente despu\u00e9s de la publicaci\u00f3n de la pol\u00edtica de privacidad actualizada en nuestro sitio web.<\/p><ol start=\"6\"><li><strong>Contact<\/strong><\/li><\/ol><p>Si tiene alguna pregunta sobre nuestra pol\u00edtica de privacidad o sobre c\u00f3mo manejamos su informaci\u00f3n personal, puede ponerse en contacto con nosotros a trav\u00e9s de la direcci\u00f3n de correo electr\u00f3nico lorenacb1994@gmail.com<\/p><p>Espero que este texto sea \u00fatil para ti. No dudes en hac\u00e9rmelo saber si necesitas alguna otra ayuda adicional.<\/p><p>7. <strong>Pol\u00edtica de privacidad de las cookies<\/strong><\/p><p>En nuestra p\u00e1gina web utilizamos cookies para mejorar tu experiencia de usuario y para obtener informaci\u00f3n sobre el uso que se hace de la p\u00e1gina. Queremos ser transparentes contigo y explicarte c\u00f3mo utilizamos las cookies y c\u00f3mo puedes controlarlas.<\/p><p>Las cookies son peque\u00f1os archivos de texto que se almacenan en tu dispositivo al acceder a nuestra p\u00e1gina web. Las cookies necesarias son esenciales para que la p\u00e1gina web funcione correctamente, mientras que las cookies de terceros se utilizan para analizar el uso de la p\u00e1gina y mejorar la experiencia del usuario.<\/p><p>Utilizamos las siguientes cookies de terceros en nuestra p\u00e1gina web:<\/p><ul><li><p>Google Analytics: una herramienta de an\u00e1lisis web que nos permite entender c\u00f3mo los usuarios interact\u00faan con nuestra p\u00e1gina web. Para obtener m\u00e1s informaci\u00f3n sobre la forma en que Google utiliza los datos recopilados a trav\u00e9s de Google Analytics, por favor visita su Pol\u00edtica de privacidad en el siguiente enlace: <a href=\"https:\/\/policies.google.com\/privacy\" target=\"_new\">https:\/\/policies.google.com\/privacy<\/a><\/p><\/li><li><p>Bing Webmaster Tools: una herramienta que nos permite realizar an\u00e1lisis del uso de nuestra p\u00e1gina web. Para obtener m\u00e1s informaci\u00f3n sobre la forma en que Microsoft utiliza los datos recopilados a trav\u00e9s de Bing Webmaster Tools, por favor visita su Pol\u00edtica de privacidad en el siguiente enlace: <a href=\"https:\/\/privacy.microsoft.com\/es-es\/privacystatement\" target=\"_new\">https:\/\/privacy.microsoft.com\/es-es\/privacystatement<\/a><\/p><\/li><li><p>Clarity: una herramienta de an\u00e1lisis web que nos permite entender c\u00f3mo los usuarios interact\u00faan con nuestra p\u00e1gina web. Para obtener m\u00e1s informaci\u00f3n sobre la forma en que Microsoft utiliza los datos recopilados a trav\u00e9s de Clarity, por favor visita su Pol\u00edtica de privacidad en el siguiente enlace: <a href=\"https:\/\/privacy.microsoft.com\/es-es\/privacystatement\" target=\"_new\">https:\/\/privacy.microsoft.com\/es-es\/privacystatement<\/a><\/p><\/li><\/ul><p>Tambi\u00e9n puedes controlar el uso de cookies a trav\u00e9s de la configuraci\u00f3n de tu navegador. Si no deseas que se almacenen cookies en tu dispositivo, puedes desactivarlas en la configuraci\u00f3n del navegador. Ten en cuenta que algunas caracter\u00edsticas de la p\u00e1gina web pueden no estar disponibles si desactivas las cookies.<\/p>\t\t\t\t\t\t\t\t<\/div>\n\t\t\t\t<\/div>\n\t\t\t\t\t<\/div>\n\t\t<\/div>\n\t\t\t\t\t<\/div>\n\t\t<\/section>\n\t\t\t\t<section class=\"elementor-section elementor-top-section elementor-element elementor-element-a962f7e elementor-section-boxed elementor-section-height-default elementor-section-height-default\" data-id=\"a962f7e\" data-element_type=\"section\">\n\t\t\t\t\t\t<div class=\"elementor-container elementor-column-gap-default\">\n\t\t\t\t\t<div class=\"elementor-column elementor-col-100 elementor-top-column elementor-element elementor-element-3d66082\" data-id=\"3d66082\" data-element_type=\"column\">\n\t\t\t<div class=\"elementor-widget-wrap\">\n\t\t\t\t\t\t\t<\/div>\n\t\t<\/div>\n\t\t\t\t\t<\/div>\n\t\t<\/section>\n\t\t\t\t<\/div>","protected":false},"excerpt":{"rendered":"<p>Politica de privacidad En cumplimiento con la legislaci\u00f3n vigente en materia de protecci\u00f3n de datos personales, Lorena Casta\u00f1o Baena informa a los usuarios de que cualquier informaci\u00f3n personal que proporcione a trav\u00e9s de nuestro sitio web o cualquier otro medio ser\u00e1 tratada con confidencialidad y cumplir\u00e1 con las medidas de seguridad necesarias para proteger su&hellip;&nbsp;<a href=\"https:\/\/lorenacb.es\/en\/politica-de-privacidad\/\" rel=\"bookmark\">Read More &raquo;<span class=\"screen-reader-text\">Pol\u00edtica de privacidad<\/span><\/a><\/p>","protected":false},"author":1,"featured_media":0,"parent":0,"menu_order":0,"comment_status":"closed","ping_status":"closed","template":"page-templates\/template-pagebuilder-full-width.php","meta":{"neve_meta_sidebar":"","neve_meta_container":"","neve_meta_enable_content_width":"","neve_meta_content_width":0,"neve_meta_title_alignment":"","neve_meta_author_avatar":"","neve_post_elements_order":"","neve_meta_disable_header":"","neve_meta_disable_footer":"","neve_meta_disable_title":"","neve_meta_reading_time":"","footnotes":""},"class_list":["post-3625","page","type-page","status-publish","hentry"],"aioseo_notices":[],"_links":{"self":[{"href":"https:\/\/lorenacb.es\/en\/wp-json\/wp\/v2\/pages\/3625","targetHints":{"allow":["GET"]}}],"collection":[{"href":"https:\/\/lorenacb.es\/en\/wp-json\/wp\/v2\/pages"}],"about":[{"href":"https:\/\/lorenacb.es\/en\/wp-json\/wp\/v2\/types\/page"}],"author":[{"embeddable":true,"href":"https:\/\/lorenacb.es\/en\/wp-json\/wp\/v2\/users\/1"}],"replies":[{"embeddable":true,"href":"https:\/\/lorenacb.es\/en\/wp-json\/wp\/v2\/comments?post=3625"}],"version-history":[{"count":13,"href":"https:\/\/lorenacb.es\/en\/wp-json\/wp\/v2\/pages\/3625\/revisions"}],"predecessor-version":[{"id":4841,"href":"https:\/\/lorenacb.es\/en\/wp-json\/wp\/v2\/pages\/3625\/revisions\/4841"}],"wp:attachment":[{"href":"https:\/\/lorenacb.es\/en\/wp-json\/wp\/v2\/media?parent=3625"}],"curies":[{"name":"wp","href":"https:\/\/api.w.org\/{rel}","templated":true}]}}