{"id":1293,"date":"2022-06-16T16:58:28","date_gmt":"2022-06-16T16:58:28","guid":{"rendered":"https:\/\/lorena.mdamplus.com\/Curriculum\/?page_id=1293"},"modified":"2023-03-20T09:33:26","modified_gmt":"2023-03-20T09:33:26","slug":"woondenbox","status":"publish","type":"page","link":"https:\/\/lorenacb.es\/en\/woondenbox\/","title":{"rendered":"Woondenbox"},"content":{"rendered":"<div data-elementor-type=\"wp-page\" data-elementor-id=\"1293\" class=\"elementor elementor-1293\">\n\t\t\t\t\t\t<section class=\"elementor-section elementor-top-section elementor-element elementor-element-643f714 elementor-section-full_width elementor-section-height-default elementor-section-height-default\" data-id=\"643f714\" data-element_type=\"section\">\n\t\t\t\t\t\t<div class=\"elementor-container elementor-column-gap-default\">\n\t\t\t\t\t<div class=\"elementor-column elementor-col-100 elementor-top-column elementor-element elementor-element-04b7bc2\" data-id=\"04b7bc2\" data-element_type=\"column\">\n\t\t\t<div class=\"elementor-widget-wrap elementor-element-populated\">\n\t\t\t\t\t\t<div class=\"elementor-element elementor-element-5b47b4c elementor-view-default elementor-widget elementor-widget-icon\" data-id=\"5b47b4c\" data-element_type=\"widget\" data-widget_type=\"icon.default\">\n\t\t\t\t<div class=\"elementor-widget-container\">\n\t\t\t\t\t\t\t<div class=\"elementor-icon-wrapper\">\n\t\t\t<a class=\"elementor-icon\" href=\"https:\/\/lorenacb.es\/en\/#Portfolio\">\n\t\t\t<i aria-hidden=\"true\" class=\"far fa-window-close\"><\/i>\t\t\t<\/a>\n\t\t<\/div>\n\t\t\t\t\t\t<\/div>\n\t\t\t\t<\/div>\n\t\t\t\t\t<\/div>\n\t\t<\/div>\n\t\t\t\t\t<\/div>\n\t\t<\/section>\n\t\t\t\t<section class=\"elementor-section elementor-top-section elementor-element elementor-element-4ca75d2 elementor-section-boxed elementor-section-height-default elementor-section-height-default\" data-id=\"4ca75d2\" data-element_type=\"section\" data-settings=\"{&quot;background_background&quot;:&quot;classic&quot;}\">\n\t\t\t\t\t\t<div class=\"elementor-container elementor-column-gap-default\">\n\t\t\t\t\t<div class=\"elementor-column elementor-col-100 elementor-top-column elementor-element elementor-element-f69d7fa\" data-id=\"f69d7fa\" data-element_type=\"column\">\n\t\t\t<div class=\"elementor-widget-wrap elementor-element-populated\">\n\t\t\t\t\t\t<div class=\"elementor-element elementor-element-9475e77 elementor-widget elementor-widget-image\" data-id=\"9475e77\" data-element_type=\"widget\" data-widget_type=\"image.default\">\n\t\t\t\t<div class=\"elementor-widget-container\">\n\t\t\t\t\t\t\t\t\t\t\t\t\t\t\t<img fetchpriority=\"high\" decoding=\"async\" width=\"768\" height=\"791\" src=\"https:\/\/lorenacb.es\/wp-content\/uploads\/2022\/06\/Lolow-768x791.png\" class=\"attachment-medium_large size-medium_large wp-image-76\" alt=\"\" srcset=\"https:\/\/lorenacb.es\/wp-content\/uploads\/2022\/06\/Lolow-768x791.png 768w, https:\/\/lorenacb.es\/wp-content\/uploads\/2022\/06\/Lolow-291x300.png 291w, https:\/\/lorenacb.es\/wp-content\/uploads\/2022\/06\/Lolow-995x1024.png 995w, https:\/\/lorenacb.es\/wp-content\/uploads\/2022\/06\/Lolow-1492x1536.png 1492w, https:\/\/lorenacb.es\/wp-content\/uploads\/2022\/06\/Lolow-1989x2048.png 1989w, https:\/\/lorenacb.es\/wp-content\/uploads\/2022\/06\/Lolow.png 2000w\" sizes=\"(max-width: 768px) 100vw, 768px\" \/>\t\t\t\t\t\t\t\t\t\t\t\t\t\t\t<\/div>\n\t\t\t\t<\/div>\n\t\t\t\t\t<\/div>\n\t\t<\/div>\n\t\t\t\t\t<\/div>\n\t\t<\/section>\n\t\t\t\t<section class=\"elementor-section elementor-top-section elementor-element elementor-element-36ccd7a elementor-section-boxed elementor-section-height-default elementor-section-height-default\" data-id=\"36ccd7a\" data-element_type=\"section\" data-settings=\"{&quot;background_background&quot;:&quot;classic&quot;}\">\n\t\t\t\t\t\t<div class=\"elementor-container elementor-column-gap-default\">\n\t\t\t\t\t<div class=\"elementor-column elementor-col-50 elementor-top-column elementor-element elementor-element-6bf0e2e\" data-id=\"6bf0e2e\" data-element_type=\"column\">\n\t\t\t<div class=\"elementor-widget-wrap elementor-element-populated\">\n\t\t\t\t\t\t<div class=\"elementor-element elementor-element-d91645f elementor-widget elementor-widget-heading\" data-id=\"d91645f\" data-element_type=\"widget\" data-widget_type=\"heading.default\">\n\t\t\t\t<div class=\"elementor-widget-container\">\n\t\t\t\t\t<h2 class=\"elementor-heading-title elementor-size-default\">Woondenbox<\/h2>\t\t\t\t<\/div>\n\t\t\t\t<\/div>\n\t\t\t\t<div class=\"elementor-element elementor-element-4a85d30 elementor-widget elementor-widget-text-editor\" data-id=\"4a85d30\" data-element_type=\"widget\" data-widget_type=\"text-editor.default\">\n\t\t\t\t<div class=\"elementor-widget-container\">\n\t\t\t\t\t\t\t\t\t<p><span style=\"font-weight: 400;\">Tres meses dan para mucho m\u00e1s de lo que pensaba. El d\u00eda 15 de marzo de 2020 el mundo entero se paraliz\u00f3, y nos tocaba quedarnos en casa.<\/span><\/p><p><span style=\"font-weight: 400;\">Yo ya me encontraba en un momento de cambio y, al tener m\u00e1s horas al d\u00eda, empec\u00e9 a desarrollar una idea, comenc\u00e9 a crear mi marca de mascarillas.<\/span><\/p><p><span style=\"font-weight: 400;\">\u00a1Qu\u00e9 poco original, todo el mundo hizo lo mismo!. Lo s\u00e9.. lo s\u00e9&#8230; , pero yo ten\u00eda mis motivos.<\/span><\/p>\t\t\t\t\t\t\t\t<\/div>\n\t\t\t\t<\/div>\n\t\t\t\t\t<\/div>\n\t\t<\/div>\n\t\t\t\t<div class=\"elementor-column elementor-col-50 elementor-top-column elementor-element elementor-element-49fade2\" data-id=\"49fade2\" data-element_type=\"column\">\n\t\t\t<div class=\"elementor-widget-wrap elementor-element-populated\">\n\t\t\t\t\t\t<div class=\"elementor-element elementor-element-5e99b05 elementor-widget elementor-widget-image\" data-id=\"5e99b05\" data-element_type=\"widget\" data-widget_type=\"image.default\">\n\t\t\t\t<div class=\"elementor-widget-container\">\n\t\t\t\t\t\t\t\t\t\t\t\t\t\t\t<img decoding=\"async\" width=\"995\" height=\"1024\" src=\"https:\/\/lorenacb.es\/wp-content\/uploads\/pina_woondenbox-995x1024.png\" class=\"attachment-large size-large wp-image-1306\" alt=\"Pi\u00f1a bebiendo de un coco dibujo Woondenbox\" srcset=\"https:\/\/lorenacb.es\/wp-content\/uploads\/pina_woondenbox-995x1024.png 995w, https:\/\/lorenacb.es\/wp-content\/uploads\/pina_woondenbox-583x600.png 583w, https:\/\/lorenacb.es\/wp-content\/uploads\/pina_woondenbox-768x791.png 768w, https:\/\/lorenacb.es\/wp-content\/uploads\/pina_woondenbox-1492x1536.png 1492w, https:\/\/lorenacb.es\/wp-content\/uploads\/pina_woondenbox.png 1943w\" sizes=\"(max-width: 995px) 100vw, 995px\" \/>\t\t\t\t\t\t\t\t\t\t\t\t\t\t\t<\/div>\n\t\t\t\t<\/div>\n\t\t\t\t\t<\/div>\n\t\t<\/div>\n\t\t\t\t\t<\/div>\n\t\t<\/section>\n\t\t\t\t<section class=\"elementor-section elementor-top-section elementor-element elementor-element-d43ae77 elementor-section-boxed elementor-section-height-default elementor-section-height-default\" data-id=\"d43ae77\" data-element_type=\"section\" data-settings=\"{&quot;background_background&quot;:&quot;classic&quot;}\">\n\t\t\t\t\t\t<div class=\"elementor-container elementor-column-gap-default\">\n\t\t\t\t\t<div class=\"elementor-column elementor-col-50 elementor-top-column elementor-element elementor-element-940926d\" data-id=\"940926d\" data-element_type=\"column\">\n\t\t\t<div class=\"elementor-widget-wrap elementor-element-populated\">\n\t\t\t\t\t\t<div class=\"elementor-element elementor-element-c973b39 elementor-widget elementor-widget-image\" data-id=\"c973b39\" data-element_type=\"widget\" data-widget_type=\"image.default\">\n\t\t\t\t<div class=\"elementor-widget-container\">\n\t\t\t\t\t\t\t\t\t\t\t\t\t\t\t<img decoding=\"async\" width=\"737\" height=\"1024\" src=\"https:\/\/lorenacb.es\/wp-content\/uploads\/sin-fondo-helado-woondenbox-737x1024.png\" class=\"attachment-large size-large wp-image-1311\" alt=\"Dibujo cono de Helado Woondenbox\" srcset=\"https:\/\/lorenacb.es\/wp-content\/uploads\/sin-fondo-helado-woondenbox-737x1024.png 737w, https:\/\/lorenacb.es\/wp-content\/uploads\/sin-fondo-helado-woondenbox-432x600.png 432w, https:\/\/lorenacb.es\/wp-content\/uploads\/sin-fondo-helado-woondenbox-768x1067.png 768w, https:\/\/lorenacb.es\/wp-content\/uploads\/sin-fondo-helado-woondenbox-1106x1536.png 1106w, https:\/\/lorenacb.es\/wp-content\/uploads\/sin-fondo-helado-woondenbox-1474x2048.png 1474w, https:\/\/lorenacb.es\/wp-content\/uploads\/sin-fondo-helado-woondenbox.png 1811w\" sizes=\"(max-width: 737px) 100vw, 737px\" \/>\t\t\t\t\t\t\t\t\t\t\t\t\t\t\t<\/div>\n\t\t\t\t<\/div>\n\t\t\t\t\t<\/div>\n\t\t<\/div>\n\t\t\t\t<div class=\"elementor-column elementor-col-50 elementor-top-column elementor-element elementor-element-cedcff3\" data-id=\"cedcff3\" data-element_type=\"column\">\n\t\t\t<div class=\"elementor-widget-wrap elementor-element-populated\">\n\t\t\t\t\t\t<div class=\"elementor-element elementor-element-601bafd elementor-widget elementor-widget-heading\" data-id=\"601bafd\" data-element_type=\"widget\" data-widget_type=\"heading.default\">\n\t\t\t\t<div class=\"elementor-widget-container\">\n\t\t\t\t\t<h2 class=\"elementor-heading-title elementor-size-default\">Las mascarillas\n<\/h2>\t\t\t\t<\/div>\n\t\t\t\t<\/div>\n\t\t\t\t<div class=\"elementor-element elementor-element-11975bd elementor-widget elementor-widget-text-editor\" data-id=\"11975bd\" data-element_type=\"widget\" data-widget_type=\"text-editor.default\">\n\t\t\t\t<div class=\"elementor-widget-container\">\n\t\t\t\t\t\t\t\t\t<p><span style=\"font-weight: 400;\">En un principio, mis obras las plasmaba en cajas, cada caja me llevaba una media de 8 horas hacerlas, y claro&#8230; la rentabilidad no era la deseada, por lo que finalmente lo convert\u00ed en un hobby.\u00a0<\/span><\/p><p><span style=\"font-weight: 400;\">Cuando empez\u00f3 la pandemia, lo vi claro, la tela es un material en el que se puede imprimir, por lo que pod\u00eda crear mis propios dise\u00f1os, traspasarlos a una tela especial y despu\u00e9s venderlos.<\/span><\/p><p><span style=\"font-weight: 400;\">En ese momento comenz\u00f3 el proyecto, aprend\u00ed c\u00f3mo crear una imagen de marca, c\u00f3mo llevar las redes sociales, me hice una p\u00e1gina web con wordpress, negoci\u00e9 con un fabricante de mascarillas y un largo etc\u2026<\/span><\/p>\t\t\t\t\t\t\t\t<\/div>\n\t\t\t\t<\/div>\n\t\t\t\t\t<\/div>\n\t\t<\/div>\n\t\t\t\t\t<\/div>\n\t\t<\/section>\n\t\t\t\t<section class=\"elementor-section elementor-top-section elementor-element elementor-element-d54d278 elementor-section-boxed elementor-section-height-default elementor-section-height-default\" data-id=\"d54d278\" data-element_type=\"section\">\n\t\t\t\t\t\t<div class=\"elementor-container elementor-column-gap-default\">\n\t\t\t\t\t<div class=\"elementor-column elementor-col-100 elementor-top-column elementor-element elementor-element-2ff8aa3\" data-id=\"2ff8aa3\" data-element_type=\"column\">\n\t\t\t<div class=\"elementor-widget-wrap elementor-element-populated\">\n\t\t\t\t\t\t<div class=\"elementor-element elementor-element-0bdbabc elementor-widget elementor-widget-heading\" data-id=\"0bdbabc\" data-element_type=\"widget\" data-widget_type=\"heading.default\">\n\t\t\t\t<div class=\"elementor-widget-container\">\n\t\t\t\t\t<h2 class=\"elementor-heading-title elementor-size-default\">Del papel a la realidad\n<\/h2>\t\t\t\t<\/div>\n\t\t\t\t<\/div>\n\t\t\t\t<div class=\"elementor-element elementor-element-3b9bfff elementor-widget elementor-widget-text-editor\" data-id=\"3b9bfff\" data-element_type=\"widget\" data-widget_type=\"text-editor.default\">\n\t\t\t\t<div class=\"elementor-widget-container\">\n\t\t\t\t\t\t\t\t\t<p><span style=\"font-weight: 400;\">La imagen de marca de la empresa muestra el contenido de una p\u00e1gina art\u00edstica, y s\u00f3lo un apartado de las mascarillas como complemento. \u00a1As\u00ed encontr\u00e9 la forma de vender mis dise\u00f1os!<\/span><\/p>\t\t\t\t\t\t\t\t<\/div>\n\t\t\t\t<\/div>\n\t\t\t\t<div class=\"elementor-element elementor-element-f81ae8a elementor-widget elementor-widget-image\" data-id=\"f81ae8a\" data-element_type=\"widget\" data-widget_type=\"image.default\">\n\t\t\t\t<div class=\"elementor-widget-container\">\n\t\t\t\t\t\t\t\t\t\t\t\t\t\t\t<img loading=\"lazy\" decoding=\"async\" width=\"768\" height=\"543\" src=\"https:\/\/lorenacb.es\/wp-content\/uploads\/foto_mascarillas_woondenbox-768x543.jpg\" class=\"attachment-medium_large size-medium_large wp-image-1312\" alt=\"Imagen Mascarillas Lorena Casta\u00f1o\" srcset=\"https:\/\/lorenacb.es\/wp-content\/uploads\/foto_mascarillas_woondenbox-768x543.jpg 768w, https:\/\/lorenacb.es\/wp-content\/uploads\/foto_mascarillas_woondenbox-600x424.jpg 600w, https:\/\/lorenacb.es\/wp-content\/uploads\/foto_mascarillas_woondenbox-1024x724.jpg 1024w, https:\/\/lorenacb.es\/wp-content\/uploads\/foto_mascarillas_woondenbox-1536x1086.jpg 1536w, https:\/\/lorenacb.es\/wp-content\/uploads\/foto_mascarillas_woondenbox-2048x1448.jpg 2048w\" sizes=\"(max-width: 768px) 100vw, 768px\" \/>\t\t\t\t\t\t\t\t\t\t\t\t\t\t\t<\/div>\n\t\t\t\t<\/div>\n\t\t\t\t\t<\/div>\n\t\t<\/div>\n\t\t\t\t\t<\/div>\n\t\t<\/section>\n\t\t\t\t<section class=\"elementor-section elementor-top-section elementor-element elementor-element-ca04cc3 elementor-section-boxed elementor-section-height-default elementor-section-height-default\" data-id=\"ca04cc3\" data-element_type=\"section\" data-settings=\"{&quot;shape_divider_bottom&quot;:&quot;mountains&quot;}\">\n\t\t\t\t\t<div class=\"elementor-shape elementor-shape-bottom\" data-negative=\"false\">\n\t\t\t<svg xmlns=\"http:\/\/www.w3.org\/2000\/svg\" viewbox=\"0 0 1000 100\" preserveaspectratio=\"none\">\n\t<path class=\"elementor-shape-fill\" opacity=\"0.33\" d=\"M473,67.3c-203.9,88.3-263.1-34-320.3,0C66,119.1,0,59.7,0,59.7V0h1000v59.7 c0,0-62.1,26.1-94.9,29.3c-32.8,3.3-62.8-12.3-75.8-22.1C806,49.6,745.3,8.7,694.9,4.7S492.4,59,473,67.3z\"\/>\n\t<path class=\"elementor-shape-fill\" opacity=\"0.66\" d=\"M734,67.3c-45.5,0-77.2-23.2-129.1-39.1c-28.6-8.7-150.3-10.1-254,39.1 s-91.7-34.4-149.2,0C115.7,118.3,0,39.8,0,39.8V0h1000v36.5c0,0-28.2-18.5-92.1-18.5C810.2,18.1,775.7,67.3,734,67.3z\"\/>\n\t<path class=\"elementor-shape-fill\" d=\"M766.1,28.9c-200-57.5-266,65.5-395.1,19.5C242,1.8,242,5.4,184.8,20.6C128,35.8,132.3,44.9,89.9,52.5C28.6,63.7,0,0,0,0 h1000c0,0-9.9,40.9-83.6,48.1S829.6,47,766.1,28.9z\"\/>\n<\/svg>\t\t<\/div>\n\t\t\t\t\t<div class=\"elementor-container elementor-column-gap-default\">\n\t\t\t\t\t<div class=\"elementor-column elementor-col-50 elementor-top-column elementor-element elementor-element-582438e\" data-id=\"582438e\" data-element_type=\"column\">\n\t\t\t<div class=\"elementor-widget-wrap elementor-element-populated\">\n\t\t\t\t\t\t<div class=\"elementor-element elementor-element-8b593d4 elementor-widget elementor-widget-heading\" data-id=\"8b593d4\" data-element_type=\"widget\" data-widget_type=\"heading.default\">\n\t\t\t\t<div class=\"elementor-widget-container\">\n\t\t\t\t\t<h2 class=\"elementor-heading-title elementor-size-default\">\u00bfQu\u00e9 pas\u00f3?\n<\/h2>\t\t\t\t<\/div>\n\t\t\t\t<\/div>\n\t\t\t\t<div class=\"elementor-element elementor-element-56c5f07 elementor-widget elementor-widget-text-editor\" data-id=\"56c5f07\" data-element_type=\"widget\" data-widget_type=\"text-editor.default\">\n\t\t\t\t<div class=\"elementor-widget-container\">\n\t\t\t\t\t\t\t\t\t<p><span style=\"font-weight: 400;\">Una vez todo ya desarrollado, quise dar el siguiente paso, y ah\u00ed comenz\u00f3 el momento de negociaci\u00f3n con un fabricante de mascarillas.<\/span><\/p><p><span style=\"font-weight: 400;\">Tras la negativa del fabricante, mir\u00e9 hacia atr\u00e1s y vi todo lo que hab\u00eda conseguido y lo mucho que me hab\u00eda gustado dise\u00f1ar y crear todo.<\/span><\/p><p><span style=\"font-weight: 400;\">En ese momento decid\u00ed, que quer\u00eda aprender c\u00f3mo poder hacer todo esto profesionalmente, <\/span><span style=\"font-weight: 400;\">al poco tiempo descubr\u00ed en el m\u00f3dulo de Gesti\u00f3n de Ventas <\/span><span style=\"font-weight: 400;\">\u00a0la asignatura de marketing digital y\u00a0 <\/span><span style=\"font-weight: 400;\">y ah\u00ed tom\u00e9 la decisi\u00f3n de continuar de una manera m\u00e1s profesional a trav\u00e9s del m\u00e1ster de Marketing Digital.<\/span><\/p>\t\t\t\t\t\t\t\t<\/div>\n\t\t\t\t<\/div>\n\t\t\t\t\t<\/div>\n\t\t<\/div>\n\t\t\t\t<div class=\"elementor-column elementor-col-50 elementor-top-column elementor-element elementor-element-0376f6b\" data-id=\"0376f6b\" data-element_type=\"column\">\n\t\t\t<div class=\"elementor-widget-wrap elementor-element-populated\">\n\t\t\t\t\t\t<div class=\"elementor-element elementor-element-2b39d82 elementor-widget elementor-widget-image\" data-id=\"2b39d82\" data-element_type=\"widget\" data-widget_type=\"image.default\">\n\t\t\t\t<div class=\"elementor-widget-container\">\n\t\t\t\t\t\t\t\t\t\t\t\t\t\t\t<img loading=\"lazy\" decoding=\"async\" width=\"1024\" height=\"859\" src=\"https:\/\/lorenacb.es\/wp-content\/uploads\/gordicorno-fondo-transparente-1024x859.png\" class=\"attachment-large size-large wp-image-1317\" alt=\"Unicornio de Woondenbox\" srcset=\"https:\/\/lorenacb.es\/wp-content\/uploads\/gordicorno-fondo-transparente-1024x859.png 1024w, https:\/\/lorenacb.es\/wp-content\/uploads\/gordicorno-fondo-transparente-600x504.png 600w, https:\/\/lorenacb.es\/wp-content\/uploads\/gordicorno-fondo-transparente-768x645.png 768w, https:\/\/lorenacb.es\/wp-content\/uploads\/gordicorno-fondo-transparente.png 1406w\" sizes=\"(max-width: 1024px) 100vw, 1024px\" \/>\t\t\t\t\t\t\t\t\t\t\t\t\t\t\t<\/div>\n\t\t\t\t<\/div>\n\t\t\t\t\t<\/div>\n\t\t<\/div>\n\t\t\t\t\t<\/div>\n\t\t<\/section>\n\t\t\t\t<section class=\"elementor-section elementor-top-section elementor-element elementor-element-695f0a2 elementor-section-boxed elementor-section-height-default elementor-section-height-default\" data-id=\"695f0a2\" data-element_type=\"section\" data-settings=\"{&quot;background_background&quot;:&quot;classic&quot;}\">\n\t\t\t\t\t\t<div class=\"elementor-container elementor-column-gap-wider\">\n\t\t\t\t\t<div class=\"elementor-column elementor-col-100 elementor-top-column elementor-element elementor-element-73eed9e\" data-id=\"73eed9e\" data-element_type=\"column\">\n\t\t\t<div class=\"elementor-widget-wrap elementor-element-populated\">\n\t\t\t\t\t\t<div class=\"elementor-element elementor-element-61e65cf elementor-widget elementor-widget-heading\" data-id=\"61e65cf\" data-element_type=\"widget\" data-widget_type=\"heading.default\">\n\t\t\t\t<div class=\"elementor-widget-container\">\n\t\t\t\t\t<h2 class=\"elementor-heading-title elementor-size-default\">Continuar viendo el portfolio<\/h2>\t\t\t\t<\/div>\n\t\t\t\t<\/div>\n\t\t\t\t<section class=\"elementor-section elementor-inner-section elementor-element elementor-element-3eec825 elementor-section-boxed elementor-section-height-default elementor-section-height-default\" data-id=\"3eec825\" data-element_type=\"section\">\n\t\t\t\t\t\t<div class=\"elementor-container elementor-column-gap-wider\">\n\t\t\t\t\t<div class=\"elementor-column elementor-col-33 elementor-inner-column elementor-element elementor-element-4de5642\" data-id=\"4de5642\" data-element_type=\"column\">\n\t\t\t<div class=\"elementor-widget-wrap elementor-element-populated\">\n\t\t\t\t\t\t<div class=\"elementor-element elementor-element-18cf52d elementor-widget elementor-widget-image\" data-id=\"18cf52d\" data-element_type=\"widget\" data-widget_type=\"image.default\">\n\t\t\t\t<div class=\"elementor-widget-container\">\n\t\t\t\t\t\t\t\t\t\t\t\t\t\t\t\t<a href=\"https:\/\/lorenacb.es\/en\/la-t\/\">\n\t\t\t\t\t\t\t<img loading=\"lazy\" decoding=\"async\" width=\"500\" height=\"500\" src=\"https:\/\/lorenacb.es\/wp-content\/uploads\/La_terrazeta_miniatura.jpg\" class=\"elementor-animation-grow attachment-large size-large wp-image-851\" alt=\"Imagen miniatura La terrazeta\" srcset=\"https:\/\/lorenacb.es\/wp-content\/uploads\/La_terrazeta_miniatura.jpg 500w, https:\/\/lorenacb.es\/wp-content\/uploads\/La_terrazeta_miniatura-300x300.jpg 300w\" sizes=\"(max-width: 500px) 100vw, 500px\" \/>\t\t\t\t\t\t\t\t<\/a>\n\t\t\t\t\t\t\t\t\t\t\t\t\t\t\t<\/div>\n\t\t\t\t<\/div>\n\t\t\t\t<div class=\"elementor-element elementor-element-7b24365 elementor-widget elementor-widget-text-editor\" data-id=\"7b24365\" data-element_type=\"widget\" data-widget_type=\"text-editor.default\">\n\t\t\t\t<div class=\"elementor-widget-container\">\n\t\t\t\t\t\t\t\t\t<p><a href=\"https:\/\/lorenacb.es\/en\/la-t\/\">La terrazeta<\/a><\/p>\t\t\t\t\t\t\t\t<\/div>\n\t\t\t\t<\/div>\n\t\t\t\t\t<\/div>\n\t\t<\/div>\n\t\t\t\t<div class=\"elementor-column elementor-col-33 elementor-inner-column elementor-element elementor-element-28b22c9\" data-id=\"28b22c9\" data-element_type=\"column\">\n\t\t\t<div class=\"elementor-widget-wrap elementor-element-populated\">\n\t\t\t\t\t\t<div class=\"elementor-element elementor-element-89dc27b elementor-widget elementor-widget-image\" data-id=\"89dc27b\" data-element_type=\"widget\" data-widget_type=\"image.default\">\n\t\t\t\t<div class=\"elementor-widget-container\">\n\t\t\t\t\t\t\t\t\t\t\t\t\t\t\t\t<a href=\"https:\/\/lorenacb.es\/en\/portfolio-yogi-omniverse\/\">\n\t\t\t\t\t\t\t<img loading=\"lazy\" decoding=\"async\" width=\"500\" height=\"500\" src=\"https:\/\/lorenacb.es\/wp-content\/uploads\/Yogi_omniverse_miniatura.jpg\" class=\"elementor-animation-grow attachment-large size-large wp-image-854\" alt=\"Imagen miniatura Yogi Omniverse\" srcset=\"https:\/\/lorenacb.es\/wp-content\/uploads\/Yogi_omniverse_miniatura.jpg 500w, https:\/\/lorenacb.es\/wp-content\/uploads\/Yogi_omniverse_miniatura-300x300.jpg 300w\" sizes=\"(max-width: 500px) 100vw, 500px\" \/>\t\t\t\t\t\t\t\t<\/a>\n\t\t\t\t\t\t\t\t\t\t\t\t\t\t\t<\/div>\n\t\t\t\t<\/div>\n\t\t\t\t<div class=\"elementor-element elementor-element-4abfdfd elementor-widget elementor-widget-text-editor\" data-id=\"4abfdfd\" data-element_type=\"widget\" data-widget_type=\"text-editor.default\">\n\t\t\t\t<div class=\"elementor-widget-container\">\n\t\t\t\t\t\t\t\t\t<p><a href=\"https:\/\/lorenacb.es\/en\/portfolio-yogi-omniverse\/\">Yogi Omniverse<\/a><\/p>\t\t\t\t\t\t\t\t<\/div>\n\t\t\t\t<\/div>\n\t\t\t\t\t<\/div>\n\t\t<\/div>\n\t\t\t\t<div class=\"elementor-column elementor-col-33 elementor-inner-column elementor-element elementor-element-bb5d02f\" data-id=\"bb5d02f\" data-element_type=\"column\">\n\t\t\t<div class=\"elementor-widget-wrap elementor-element-populated\">\n\t\t\t\t\t\t<div class=\"elementor-element elementor-element-81c3e4e elementor-widget elementor-widget-image\" data-id=\"81c3e4e\" data-element_type=\"widget\" data-widget_type=\"image.default\">\n\t\t\t\t<div class=\"elementor-widget-container\">\n\t\t\t\t\t\t\t\t\t\t\t\t\t\t\t\t<a href=\"https:\/\/lorenacb.es\/en\/portfolio-lolow\/\">\n\t\t\t\t\t\t\t<img loading=\"lazy\" decoding=\"async\" width=\"500\" height=\"500\" src=\"https:\/\/lorenacb.es\/wp-content\/uploads\/lolow_miniatura.jpg\" class=\"elementor-animation-grow attachment-large size-large wp-image-852\" alt=\"Imagen miniatura Lolow\" srcset=\"https:\/\/lorenacb.es\/wp-content\/uploads\/lolow_miniatura.jpg 500w, https:\/\/lorenacb.es\/wp-content\/uploads\/lolow_miniatura-300x300.jpg 300w\" sizes=\"(max-width: 500px) 100vw, 500px\" \/>\t\t\t\t\t\t\t\t<\/a>\n\t\t\t\t\t\t\t\t\t\t\t\t\t\t\t<\/div>\n\t\t\t\t<\/div>\n\t\t\t\t<div class=\"elementor-element elementor-element-3945c20 elementor-widget elementor-widget-text-editor\" data-id=\"3945c20\" data-element_type=\"widget\" data-widget_type=\"text-editor.default\">\n\t\t\t\t<div class=\"elementor-widget-container\">\n\t\t\t\t\t\t\t\t\t<p><a href=\"https:\/\/lorenacb.es\/en\/portfolio-lolow\/\">Lolow<\/a><\/p>\t\t\t\t\t\t\t\t<\/div>\n\t\t\t\t<\/div>\n\t\t\t\t\t<\/div>\n\t\t<\/div>\n\t\t\t\t\t<\/div>\n\t\t<\/section>\n\t\t\t\t\t<\/div>\n\t\t<\/div>\n\t\t\t\t\t<\/div>\n\t\t<\/section>\n\t\t\t\t<\/div>","protected":false},"excerpt":{"rendered":"<p>Woondenbox Tres meses dan para mucho m\u00e1s de lo que pensaba. El d\u00eda 15 de marzo de 2020 el mundo entero se paraliz\u00f3, y nos tocaba quedarnos en casa. Yo ya me encontraba en un momento de cambio y, al tener m\u00e1s horas al d\u00eda, empec\u00e9 a desarrollar una idea, comenc\u00e9 a crear mi marca&hellip;&nbsp;<a href=\"https:\/\/lorenacb.es\/en\/woondenbox\/\" rel=\"bookmark\">Read More &raquo;<span class=\"screen-reader-text\">Woondenbox<\/span><\/a><\/p>","protected":false},"author":1,"featured_media":0,"parent":0,"menu_order":0,"comment_status":"closed","ping_status":"closed","template":"page-templates\/template-pagebuilder-full-width.php","meta":{"neve_meta_sidebar":"","neve_meta_container":"","neve_meta_enable_content_width":"","neve_meta_content_width":0,"neve_meta_title_alignment":"","neve_meta_author_avatar":"","neve_post_elements_order":"","neve_meta_disable_header":"on","neve_meta_disable_footer":"on","neve_meta_disable_title":"on","neve_meta_reading_time":"","footnotes":""},"class_list":["post-1293","page","type-page","status-publish","hentry"],"aioseo_notices":[],"_links":{"self":[{"href":"https:\/\/lorenacb.es\/en\/wp-json\/wp\/v2\/pages\/1293","targetHints":{"allow":["GET"]}}],"collection":[{"href":"https:\/\/lorenacb.es\/en\/wp-json\/wp\/v2\/pages"}],"about":[{"href":"https:\/\/lorenacb.es\/en\/wp-json\/wp\/v2\/types\/page"}],"author":[{"embeddable":true,"href":"https:\/\/lorenacb.es\/en\/wp-json\/wp\/v2\/users\/1"}],"replies":[{"embeddable":true,"href":"https:\/\/lorenacb.es\/en\/wp-json\/wp\/v2\/comments?post=1293"}],"version-history":[{"count":47,"href":"https:\/\/lorenacb.es\/en\/wp-json\/wp\/v2\/pages\/1293\/revisions"}],"predecessor-version":[{"id":3779,"href":"https:\/\/lorenacb.es\/en\/wp-json\/wp\/v2\/pages\/1293\/revisions\/3779"}],"wp:attachment":[{"href":"https:\/\/lorenacb.es\/en\/wp-json\/wp\/v2\/media?parent=1293"}],"curies":[{"name":"wp","href":"https:\/\/api.w.org\/{rel}","templated":true}]}}